{"id":303,"date":"2024-12-12T22:08:53","date_gmt":"2024-12-12T22:08:53","guid":{"rendered":"https:\/\/benatlabaien.com\/?page_id=303"},"modified":"2025-01-29T21:41:07","modified_gmt":"2025-01-29T21:41:07","slug":"cookies","status":"publish","type":"page","link":"https:\/\/benatlabaien.com\/ja\/cookies\/","title":{"rendered":"\u30af\u30c3\u30ad\u30fc\u30dd\u30ea\u30b7\u30fc"},"content":{"rendered":"<h2 class=\"wp-block-heading\">\u30af\u30c3\u30ad\u30fc\u30dd\u30ea\u30b7\u30fc<\/h2>\n\n\n\n<p>\u5f53\u30a6\u30a7\u30d6\u30b5\u30a4\u30c8\u3067\u306f\u3001\u30e6\u30fc\u30b6\u30fc\u306e\u95b2\u89a7\u4f53\u9a13\u3092\u5411\u4e0a\u3055\u305b\u3001\u30bd\u30fc\u30b7\u30e3\u30eb\u30e1\u30c7\u30a3\u30a2\u3067\u306e\u30b3\u30f3\u30c6\u30f3\u30c4\u5171\u6709\u3084\u3001\u30e6\u30fc\u30b6\u30fc\u306e\u7d71\u8a08\u60c5\u5831\u3092\u53d6\u5f97\u3059\u308b\u305f\u3081\u306b\u3001\u5f53\u793e\u304a\u3088\u3073\u7b2c\u4e09\u8005\u306e\u30af\u30c3\u30ad\u30fc\u3092\u4f7f\u7528\u3057\u3066\u3044\u307e\u3059\u3002<br><br>\u30d6\u30e9\u30a6\u30b6\u306e\u8a2d\u5b9a\u3092\u5909\u66f4\u3059\u308b\u3053\u3068\u3067\u3001\u30af\u30c3\u30ad\u30fc\u306e\u30c0\u30a6\u30f3\u30ed\u30fc\u30c9\u3092\u56de\u907f\u3057\u3001\u30c7\u30d0\u30a4\u30b9\u3078\u306e\u4fdd\u5b58\u3092\u9632\u3050\u3053\u3068\u304c\u3067\u304d\u307e\u3059\u3002<br><br>\u5f53\u30a6\u30a7\u30d6\u30b5\u30a4\u30c8\u306e\u904b\u55b6\u8005\u3068\u3057\u3066\u304a\u4f1d\u3048\u3057\u307e\u3059\u304c\u3001\u30af\u30c3\u30ad\u30fc\u306b\u3088\u3063\u3066\u53d6\u5f97\u3055\u308c\u308b\u500b\u4eba\u60c5\u5831\u306f\u4e00\u5207\u4f7f\u7528\u3057\u3066\u304a\u3089\u305a\u3001\u30a2\u30af\u30bb\u30b9\u6570\u306a\u3069\u306e\u7d71\u8a08\u60c5\u5831\u306e\u307f\u3092\u533f\u540d\u3067\u53ce\u96c6\u3057\u3066\u3044\u307e\u3059\u3002<br><br>\u672c\u30af\u30c3\u30ad\u30fc\u30dd\u30ea\u30b7\u30fc\u3092\u3088\u304f\u304a\u8aad\u307f\u3044\u305f\u3060\u304d\u3001\u3054\u7406\u89e3\u3044\u305f\u3060\u3044\u305f\u4e0a\u3067\u3001\u5f15\u304d\u7d9a\u304d\u95b2\u89a7\u3092\u7d9a\u3051\u3089\u308c\u308b\u5834\u5408\u306f\u3001\u30af\u30c3\u30ad\u30fc\u306e\u4f7f\u7528\u306b\u540c\u610f\u3055\u308c\u305f\u3082\u306e\u3068\u307f\u306a\u3057\u307e\u3059\u3002<br><br>\u672c\u30a6\u30a7\u30d6\u30b5\u30a4\u30c8\u3067\u306f\u3001\u30b9\u30da\u30a4\u30f3\u306e\u300c\u60c5\u5831\u793e\u4f1a\u30b5\u30fc\u30d3\u30b9\u304a\u3088\u3073\u96fb\u5b50\u5546\u53d6\u5f15\u306b\u95a2\u3059\u308b\u6cd5\u5f8b\uff0834\/2002\u53f7\uff09\u300d\u7b2c22.2\u6761\u306b\u57fa\u3065\u304d\u3001\u5f15\u304d\u7d9a\u304d\u95b2\u89a7\u3092\u7d9a\u3051\u308b\u3053\u3068\u3067\u3001\u30af\u30c3\u30ad\u30fc\u306e\u4f7f\u7528\u306b\u540c\u610f\u3055\u308c\u305f\u3082\u306e\u3068\u307f\u306a\u3057\u307e\u3059\u3002<\/p>\n\n\n\n<h3 class=\"wp-block-heading\">\u7ba1\u7406\u8cac\u4efb\u8005<\/h3>\n\n\n\n<p>\u30e6\u30fc\u30b6\u30fc\u306e\u500b\u4eba\u60c5\u5831\u306e\u53ce\u96c6\u3001\u51e6\u7406\u3001\u304a\u3088\u3073\u5229\u7528\u306b\u95a2\u3059\u308b\u8cac\u4efb\u8005\u306f\u3001\u500b\u4eba\u60c5\u5831\u4fdd\u8b77\u6cd5\u306b\u57fa\u3065\u304d\u3001\u672c\u30b5\u30a4\u30c8\u300cBe\u00f1at Labaien\u300d\u3067\u3042\u308a\u3001\u904b\u55b6\u8005\u306f Be\u00f1at Labaien \u2013 Al-Wakrah Sport Club \u3067\u3059\u3002<\/p>\n\n\n\n<h3 class=\"wp-block-heading\">\u30af\u30c3\u30ad\u30fc\u3068\u306f\u4f55\u3067\u3059\u304b\uff1f<\/h3>\n\n\n\n<p>\u30af\u30c3\u30ad\u30fc\u3068\u306f\u3001\u30a6\u30a7\u30d6\u30b5\u30fc\u30d0\u30fc\u304c\u30e6\u30fc\u30b6\u30fc\u306e\u30d6\u30e9\u30a6\u30b6\u306b\u4fdd\u5b58\u3059\u308b\u5c0f\u3055\u306a\u30c6\u30ad\u30b9\u30c8\u30d5\u30a1\u30a4\u30eb\u3067\u3001\u30a4\u30f3\u30bf\u30fc\u30cd\u30c3\u30c8\u306e\u6a19\u6e96\u7684\u306a\u30ed\u30b0\u60c5\u5831\u3084\u3001\u30b5\u30a4\u30c8\u4e0a\u3067\u306e\u30e6\u30fc\u30b6\u30fc\u306e\u884c\u52d5\u306b\u95a2\u3059\u308b\u60c5\u5831\u3092\u53ce\u96c6\u3059\u308b\u305f\u3081\u306b\u4f7f\u7528\u3055\u308c\u307e\u3059\u3002\u3053\u308c\u306b\u3088\u308a\u3001\u518d\u8a2a\u6642\u306b\u30e6\u30fc\u30b6\u30fc\u3092\u8b58\u5225\u3059\u308b\u3053\u3068\u304c\u53ef\u80fd\u306b\u306a\u308a\u307e\u3059\u3002\u30af\u30c3\u30ad\u30fc\u306e\u4e3b\u306a\u76ee\u7684\u306f\u3001\u30e6\u30fc\u30b6\u30fc\u306e\u8a2a\u554f\u3092\u8a18\u9332\u3057\u3001\u4e00\u90e8\u306e\u60c5\u5831\u3092\u4fdd\u5b58\u3059\u308b\u3053\u3068\u306b\u3042\u308a\u307e\u3059\u3002\u591a\u304f\u306e\u30a6\u30a7\u30d6\u30b5\u30a4\u30c8\u3067\u4e00\u822c\u7684\u306b\u4f7f\u7528\u3055\u308c\u3066\u304a\u308a\u3001\u30a6\u30a7\u30d6\u30da\u30fc\u30b8\u3092\u3088\u308a\u52b9\u7387\u7684\u306b\u6a5f\u80fd\u3055\u305b\u3001\u30e6\u30fc\u30b6\u30fc\u306e\u884c\u52d5\u306b\u57fa\u3065\u3044\u305f\u30ab\u30b9\u30bf\u30de\u30a4\u30ba\u3084\u5206\u6790\u3092\u5b9f\u73fe\u3057\u307e\u3059\u3002<\/p>\n\n\n\n<h3 class=\"wp-block-heading\">\u3069\u306e\u3088\u3046\u306a\u7a2e\u985e\u306e\u30af\u30c3\u30ad\u30fc\u304c\u3042\u308a\u307e\u3059\u304b\uff1f<\/h3>\n\n\n\n<p>\u5f53\u30b5\u30a4\u30c8\u3067\u4f7f\u7528\u3057\u3066\u3044\u308b\u30af\u30c3\u30ad\u30fc\u306b\u306f\u3001\u30bb\u30c3\u30b7\u30e7\u30f3\u30af\u30c3\u30ad\u30fc\u3068\u30b5\u30fc\u30c9\u30d1\u30fc\u30c6\u30a3\u30fc\u30af\u30c3\u30ad\u30fc\u304c\u3042\u308a\u3001\u30e6\u30fc\u30b6\u30fc\u306e\u8a00\u8a9e\u8a2d\u5b9a\u3084\u30d6\u30e9\u30a6\u30b6\u306e\u7a2e\u985e\u3001\u305d\u306e\u4ed6\u306e\u4e8b\u524d\u8a2d\u5b9a\u3055\u308c\u305f\u4e00\u822c\u7684\u306a\u7279\u6027\u306b\u95a2\u3059\u308b\u60c5\u5831\u3092\u4fdd\u5b58\u30fb\u53d6\u5f97\u3059\u308b\u305f\u3081\u306b\u4f7f\u7528\u3055\u308c\u307e\u3059\u3002\u307e\u305f\u3001\u30e6\u30fc\u30b6\u30fc\u306e\u884c\u52d5\u3092\u8ffd\u8de1\u30fb\u5206\u6790\u3059\u308b\u3053\u3068\u3067\u3001\u30b5\u30fc\u30d3\u30b9\u306e\u6539\u5584\u3084\u3088\u308a\u52b9\u7387\u7684\u3067\u30d1\u30fc\u30bd\u30ca\u30e9\u30a4\u30ba\u3055\u308c\u305f\u63d0\u4f9b\u3092\u53ef\u80fd\u306b\u3057\u307e\u3059\u3002<\/p>\n\n\n\n<p>\u30af\u30c3\u30ad\u30fc\u306f\u305d\u306e\u4fdd\u6301\u671f\u9593\u306b\u5fdc\u3058\u3066\u3001\u300c\u30bb\u30c3\u30b7\u30e7\u30f3\u30af\u30c3\u30ad\u30fc\u300d\u3068\u300c\u6c38\u7d9a\u30af\u30c3\u30ad\u30fc\u300d\u306b\u5206\u985e\u3055\u308c\u307e\u3059\u3002\u30bb\u30c3\u30b7\u30e7\u30f3\u30af\u30c3\u30ad\u30fc\u306f\u3001\u30e6\u30fc\u30b6\u30fc\u304c\u30d6\u30e9\u30a6\u30b6\u3092\u9589\u3058\u308b\u3068\u81ea\u52d5\u7684\u306b\u524a\u9664\u3055\u308c\u307e\u3059\u3002\u6c38\u7d9a\u30af\u30c3\u30ad\u30fc\u306f\u3001\u7279\u5b9a\u306e\u76ee\u7684\u304c\u9054\u6210\u3055\u308c\u305f\u3068\u304d\u3001\u307e\u305f\u306f\u30e6\u30fc\u30b6\u30fc\u304c\u624b\u52d5\u3067\u524a\u9664\u3059\u308b\u307e\u3067\u4fdd\u6301\u3055\u308c\u307e\u3059\uff08\u4f8b\uff1aBe\u00f1at Labaien\u306e\u30b5\u30fc\u30d3\u30b9\u3067\u30ed\u30b0\u30a4\u30f3\u72b6\u614b\u3092\u7dad\u6301\u3059\u308b\u5834\u5408\u306a\u3069\uff09\u3002<\/p>\n\n\n\n<div class= \"cky-audit-table-element\"><\/div>\n\n\n\n<h3 class=\"wp-block-heading\">\u30d6\u30e9\u30a6\u30b6\u3067\u30af\u30c3\u30ad\u30fc\u3092\u7121\u52b9\u306b\u3059\u308b\u306b\u306f\uff1f<\/h3>\n\n\n\n<p>\u5404\u7a2e\u30d6\u30e9\u30a6\u30b6\u3067\u306f\u3001\u30af\u30c3\u30ad\u30fc\u306e\u53d7\u4fe1\u6642\u306b\u30e6\u30fc\u30b6\u30fc\u306b\u901a\u77e5\u3057\u305f\u308a\u3001\u30af\u30c3\u30ad\u30fc\u306e\u30a4\u30f3\u30b9\u30c8\u30fc\u30eb\u3092\u9632\u6b62\u3057\u305f\u308a\u3059\u308b\u3088\u3046\u306b\u8a2d\u5b9a\u3067\u304d\u307e\u3059\u3002\u307e\u305f\u3001\u30e6\u30fc\u30b6\u30fc\u306f\u30d6\u30e9\u30a6\u30b6\u5185\u3067\u30a4\u30f3\u30b9\u30c8\u30fc\u30eb\u6e08\u307f\u306e\u30af\u30c3\u30ad\u30fc\u3084\u3001\u305d\u306e\u6709\u52b9\u671f\u9650\u3092\u78ba\u8a8d\u3057\u3001\u4e0d\u8981\u306a\u30af\u30c3\u30ad\u30fc\u3092\u524a\u9664\u3059\u308b\u3053\u3068\u3082\u53ef\u80fd\u3067\u3059\u3002<\/p>\n\n\n\n<p>\u8a73\u3057\u304f\u306f\u3001\u304a\u4f7f\u3044\u306e\u30d6\u30e9\u30a6\u30b6\u306e\u53d6\u6271\u8aac\u660e\u66f8\u3084\u30d8\u30eb\u30d7\u3092\u3054\u53c2\u7167\u304f\u3060\u3055\u3044\uff1a<\/p>\n\n\n\n<p>Google Chrome \u306b\u304a\u3051\u308b\u30af\u30c3\u30ad\u30fc\u7ba1\u7406\u306e\u8a73\u7d30\u306f\u3053\u3061\u3089\u3092\u3054\u53c2\u7167\u304f\u3060\u3055\u3044\uff1a&nbsp;<a href=\"https:\/\/support.google.com\/chrome\/answer\/95647?hl=es\">https:\/\/support.google.com\/chrome\/answer\/95647?hl=es<\/a><\/p>\n\n\n\n<p>Internet Explorer \u306b\u304a\u3051\u308b\u30af\u30c3\u30ad\u30fc\u7ba1\u7406\u306e\u8a73\u7d30\u306f\u3053\u3061\u3089\uff1a&nbsp;<a href=\"http:\/\/windows.microsoft.com\/es-es\/windows-vista\/cookies-frequently-asked-question\"><\/a><a href=\"http:\/\/windows.microsoft.com\/es-es\/windows-vista\/cookies-frequently-asked-questions\">http:\/\/windows.microsoft.com\/es-es\/windows-vista\/cookies-frequently-asked-questions<\/a><\/p>\n\n\n\n<p><a href=\"http:\/\/windows.microsoft.com\/es-es\/windows-vista\/cookies-frequently-asked-question\"><\/a>Mozilla Firefox \u306b\u304a\u3051\u308b\u30af\u30c3\u30ad\u30fc\u7ba1\u7406\u306e\u8a73\u7d30\u306f\u3053\u3061\u3089\uff1a&nbsp;<a href=\"http:\/\/support.mozilla.org\/es\/kb\/habilitar-y-deshabilitar-cookies-que-los-sitios-we%20\">http:\/\/support.mozilla.org\/es\/kb\/habilitar-y-deshabilitar-cookies-que-los-sitios-we<\/a><\/p>\n\n\n\n<p>Safari \u306b\u304a\u3051\u308b\u30af\u30c3\u30ad\u30fc\u7ba1\u7406\u306e\u8a73\u7d30\u306f\u3053\u3061\u3089\uff1a&nbsp;<a href=\"http:\/\/www.apple.com\/es\/privacy\/use-of-cookies\/%20\">http:\/\/www.apple.com\/es\/privacy\/use-of-cookies\/<\/a><\/p>\n\n\n\n<p>Opera \u306b\u304a\u3051\u308b\u30af\u30c3\u30ad\u30fc\u7ba1\u7406\u306e\u8a73\u7d30\u306f\u3053\u3061\u3089\uff1a&nbsp;<a href=\"http:\/\/help.opera.com\/Windows\/11.50\/es-ES\/cookies.html\">http:\/\/help.opera.com\/Windows\/11.50\/es-ES\/cookies.html<\/a><\/p>\n\n\n\n<p>Google \u30a2\u30ca\u30ea\u30c6\u30a3\u30af\u30b9\u306b\u3088\u308b\u30c8\u30e9\u30c3\u30ad\u30f3\u30b0\u3092\u7121\u52b9\u306b\u3057\u305f\u3044\u5834\u5408\u306f\u3001\u4ee5\u4e0b\u306e\u30da\u30fc\u30b8\u3092\u3054\u89a7\u304f\u3060\u3055\u3044\uff1a&nbsp;<a href=\"https:\/\/tools.google.com\/dlpage\/gaoptout\">http:\/\/tools.google.com\/dlpage\/gaoptout<\/a><\/p>\n\n\n\n<h3 class=\"wp-block-heading\">\u30af\u30c3\u30ad\u30fc\u306b\u95a2\u3059\u308b\u8a73\u7d30\u60c5\u5831\uff1a<\/h3>\n\n\n\n<p>\u884c\u52d5\u30bf\u30fc\u30b2\u30c6\u30a3\u30f3\u30b0\u5e83\u544a\u3084\u30aa\u30f3\u30e9\u30a4\u30f3\u30d7\u30e9\u30a4\u30d0\u30b7\u30fc\u306b\u95a2\u3059\u308b\u8a73\u7d30\u60c5\u5831\u306f\u3001\u4ee5\u4e0b\u306e\u30ea\u30f3\u30af\u3092\u3054\u78ba\u8a8d\u304f\u3060\u3055\u3044\uff1a&nbsp;<a href=\"http:\/\/www.youronlinechoices.com\/es\/\">http:\/\/www.youronlinechoices.com\/es\/<\/a><\/p>\n\n\n\n<p>Google \u30a2\u30ca\u30ea\u30c6\u30a3\u30af\u30b9\u306e\u30c7\u30fc\u30bf\u4fdd\u8b77\u30dd\u30ea\u30b7\u30fc\uff1a&nbsp;<a href=\"https:\/\/www.google.com\/analytics\/learn\/privacy.html\">http:\/\/www.google.com\/analytics\/learn\/privacy.html<\/a><\/p>\n\n\n\n<p>Google \u30a2\u30ca\u30ea\u30c6\u30a3\u30af\u30b9\u306b\u304a\u3051\u308b\u30af\u30c3\u30ad\u30fc\u306e\u4f7f\u7528\u65b9\u6cd5\uff1a&nbsp;<a href=\"https:\/\/developers.google.com\/analytics\/devguides\/collection\/analyticsjs\/cookie-usage?hl=es#analyticsjs\">https:\/\/developers.google.com\/analytics\/devguides\/collection\/analyticsjs\/cookie-usage?hl=es#analyticsjs<\/a><\/p>\n\n\n\n<h3 class=\"wp-block-heading\">\u30d7\u30e9\u30a4\u30d0\u30b7\u30fc\u30dd\u30ea\u30b7\u30fc\u304a\u3088\u3073\u30af\u30c3\u30ad\u30fc\u30dd\u30ea\u30b7\u30fc\u306e\u66f4\u65b0\u306b\u3064\u3044\u3066<\/h3>\n\n\n\n<p>Be\u00f1at Labaien\u306e\u30a6\u30a7\u30d6\u30b5\u30a4\u30c8\u3067\u306f\u3001\u6cd5\u7684\u8981\u4ef6\u3084\u898f\u5236\u3001\u307e\u305f\u306f\u30b9\u30da\u30a4\u30f3\u306e\u30c7\u30fc\u30bf\u4fdd\u8b77\u6a5f\u95a2\uff08AEPD\uff09\u304b\u3089\u306e\u6307\u793a\u306b\u57fa\u3065\u304d\u3001\u672c\u30af\u30c3\u30ad\u30fc\u30dd\u30ea\u30b7\u30fc\u3092\u5909\u66f4\u3059\u308b\u5834\u5408\u304c\u3042\u308a\u307e\u3059\u3002\u3057\u305f\u304c\u3063\u3066\u3001\u5b9a\u671f\u7684\u306b\u5185\u5bb9\u3092\u3054\u78ba\u8a8d\u3044\u305f\u3060\u304f\u3053\u3068\u3092\u63a8\u5968\u3044\u305f\u3057\u307e\u3059\u3002<\/p>\n\n\n\n<p>\u672c\u30af\u30c3\u30ad\u30fc\u30dd\u30ea\u30b7\u30fc\u306b\u91cd\u8981\u306a\u5909\u66f4\u304c\u3042\u3063\u305f\u5834\u5408\u306b\u306f\u3001\u30a6\u30a7\u30d6\u30b5\u30a4\u30c8\u4e0a\u307e\u305f\u306f\u767b\u9332\u30e6\u30fc\u30b6\u30fc\u5b9b\u3066\u306e\u30e1\u30fc\u30eb\u3092\u901a\u3058\u3066\u901a\u77e5\u3044\u305f\u3057\u307e\u3059\u3002<\/p>","protected":false},"excerpt":{"rendered":"<p>Pol\u00edtica de Cookies En esta web se utilizan cookies de terceros y propias para conseguir que tengas una mejor experiencia de navegaci\u00f3n, puedas compartir contenido en redes sociales y para que podamos obtener estad\u00edsticas de los usuarios. Puedes evitar la descarga de cookies a trav\u00e9s de la configuraci\u00f3n de tu navegador, evitando que las cookies se almacenen en su dispositivo. Como propietario de este sitio web, te comunico que no utilizamos ninguna informaci\u00f3n personal procedente de cookies, tan s\u00f3lo realizamos estad\u00edsticas generales de visitas que no suponen ninguna informaci\u00f3n personal. Es muy importante que leas la presente pol\u00edtica de cookies y comprendas que, si contin\u00faas navegando, consideraremos que aceptas su [&hellip;]<\/p>\n","protected":false},"author":3,"featured_media":0,"parent":0,"menu_order":0,"comment_status":"closed","ping_status":"closed","template":"","meta":{"footnotes":""},"class_list":["post-303","page","type-page","status-publish","hentry","entry"],"yoast_head":"<!-- This site is optimized with the Yoast SEO plugin v27.2 - https:\/\/yoast.com\/product\/yoast-seo-wordpress\/ -->\n<title>Pol\u00edtica de cookies - Be\u00f1at Labaien<\/title>\n<meta name=\"description\" content=\"Consulta la Pol\u00edtica de Cookies y descubre c\u00f3mo usamos las cookies en la web de Be\u00f1at Labaien, para qu\u00e9 sirven y c\u00f3mo puedes gestionarlas.\" \/>\n<meta name=\"robots\" content=\"index, follow, max-snippet:-1, max-image-preview:large, max-video-preview:-1\" \/>\n<link rel=\"canonical\" href=\"https:\/\/benatlabaien.com\/ja\/cookies\/\" \/>\n<meta property=\"og:locale\" content=\"ja_JP\" \/>\n<meta property=\"og:type\" content=\"article\" \/>\n<meta property=\"og:title\" content=\"Pol\u00edtica de cookies - Be\u00f1at Labaien\" \/>\n<meta property=\"og:description\" content=\"Consulta la Pol\u00edtica de Cookies y descubre c\u00f3mo usamos las cookies en la web de Be\u00f1at Labaien, para qu\u00e9 sirven y c\u00f3mo puedes gestionarlas.\" \/>\n<meta property=\"og:url\" content=\"https:\/\/benatlabaien.com\/ja\/cookies\/\" \/>\n<meta property=\"og:site_name\" content=\"Be\u00f1at Labaien\" \/>\n<meta property=\"article:modified_time\" content=\"2025-01-29T21:41:07+00:00\" \/>\n<meta property=\"og:image\" content=\"https:\/\/benatlabaien.com\/wp-content\/uploads\/2025\/01\/Imagen-1-Benat-Hero.webp\" \/>\n\t<meta property=\"og:image:width\" content=\"1587\" \/>\n\t<meta property=\"og:image:height\" content=\"918\" \/>\n\t<meta property=\"og:image:type\" content=\"image\/webp\" \/>\n<meta name=\"twitter:card\" content=\"summary_large_image\" \/>\n<meta name=\"twitter:label1\" content=\"\u63a8\u5b9a\u8aad\u307f\u53d6\u308a\u6642\u9593\" \/>\n\t<meta name=\"twitter:data1\" content=\"4\u5206\" \/>\n<script type=\"application\/ld+json\" class=\"yoast-schema-graph\">{\"@context\":\"https:\/\/schema.org\",\"@graph\":[{\"@type\":\"WebPage\",\"@id\":\"https:\/\/benatlabaien.com\/cookies\/\",\"url\":\"https:\/\/benatlabaien.com\/cookies\/\",\"name\":\"Pol\u00edtica de cookies - Be\u00f1at Labaien\",\"isPartOf\":{\"@id\":\"https:\/\/benatlabaien.com\/#website\"},\"datePublished\":\"2024-12-12T22:08:53+00:00\",\"dateModified\":\"2025-01-29T21:41:07+00:00\",\"description\":\"Consulta la Pol\u00edtica de Cookies y descubre c\u00f3mo usamos las cookies en la web de Be\u00f1at Labaien, para qu\u00e9 sirven y c\u00f3mo puedes gestionarlas.\",\"breadcrumb\":{\"@id\":\"https:\/\/benatlabaien.com\/cookies\/#breadcrumb\"},\"inLanguage\":\"ja\",\"potentialAction\":[{\"@type\":\"ReadAction\",\"target\":[\"https:\/\/benatlabaien.com\/cookies\/\"]}]},{\"@type\":\"BreadcrumbList\",\"@id\":\"https:\/\/benatlabaien.com\/cookies\/#breadcrumb\",\"itemListElement\":[{\"@type\":\"ListItem\",\"position\":1,\"name\":\"Portada\",\"item\":\"https:\/\/benatlabaien.com\/\"},{\"@type\":\"ListItem\",\"position\":2,\"name\":\"Pol\u00edtica de cookies\"}]},{\"@type\":\"WebSite\",\"@id\":\"https:\/\/benatlabaien.com\/#website\",\"url\":\"https:\/\/benatlabaien.com\/\",\"name\":\"Be\u00f1at Labaien\",\"description\":\"Entrenador de F\u00fatbol - Be\u00f1at Labaien\",\"publisher\":{\"@id\":\"https:\/\/benatlabaien.com\/#\/schema\/person\/aadd9617a10f4a3819c91aa83f5bf953\"},\"alternateName\":\"Be\u00f1at Labaien - Entrenador de F\u00fatbol\",\"potentialAction\":[{\"@type\":\"SearchAction\",\"target\":{\"@type\":\"EntryPoint\",\"urlTemplate\":\"https:\/\/benatlabaien.com\/?s={search_term_string}\"},\"query-input\":{\"@type\":\"PropertyValueSpecification\",\"valueRequired\":true,\"valueName\":\"search_term_string\"}}],\"inLanguage\":\"ja\"},{\"@type\":[\"Person\",\"Organization\"],\"@id\":\"https:\/\/benatlabaien.com\/#\/schema\/person\/aadd9617a10f4a3819c91aa83f5bf953\",\"name\":\"Be\u00f1at Labaien\",\"image\":{\"@type\":\"ImageObject\",\"inLanguage\":\"ja\",\"@id\":\"https:\/\/benatlabaien.com\/wp-content\/uploads\/2025\/01\/Logo-Benat-color.webp\",\"url\":\"https:\/\/benatlabaien.com\/wp-content\/uploads\/2025\/01\/Logo-Benat-color.webp\",\"contentUrl\":\"https:\/\/benatlabaien.com\/wp-content\/uploads\/2025\/01\/Logo-Benat-color.webp\",\"width\":1069,\"height\":1000,\"caption\":\"Be\u00f1at Labaien\"},\"logo\":{\"@id\":\"https:\/\/benatlabaien.com\/wp-content\/uploads\/2025\/01\/Logo-Benat-color.webp\"}}]}<\/script>\n<!-- \/ Yoast SEO plugin. -->","yoast_head_json":{"title":"Pol\u00edtica de cookies - Be\u00f1at Labaien","description":"Consulta la Pol\u00edtica de Cookies y descubre c\u00f3mo usamos las cookies en la web de Be\u00f1at Labaien, para qu\u00e9 sirven y c\u00f3mo puedes gestionarlas.","robots":{"index":"index","follow":"follow","max-snippet":"max-snippet:-1","max-image-preview":"max-image-preview:large","max-video-preview":"max-video-preview:-1"},"canonical":"https:\/\/benatlabaien.com\/ja\/cookies\/","og_locale":"ja_JP","og_type":"article","og_title":"Pol\u00edtica de cookies - Be\u00f1at Labaien","og_description":"Consulta la Pol\u00edtica de Cookies y descubre c\u00f3mo usamos las cookies en la web de Be\u00f1at Labaien, para qu\u00e9 sirven y c\u00f3mo puedes gestionarlas.","og_url":"https:\/\/benatlabaien.com\/ja\/cookies\/","og_site_name":"Be\u00f1at Labaien","article_modified_time":"2025-01-29T21:41:07+00:00","og_image":[{"width":1587,"height":918,"url":"https:\/\/benatlabaien.com\/wp-content\/uploads\/2025\/01\/Imagen-1-Benat-Hero.webp","type":"image\/webp"}],"twitter_card":"summary_large_image","twitter_misc":{"\u63a8\u5b9a\u8aad\u307f\u53d6\u308a\u6642\u9593":"4\u5206"},"schema":{"@context":"https:\/\/schema.org","@graph":[{"@type":"WebPage","@id":"https:\/\/benatlabaien.com\/cookies\/","url":"https:\/\/benatlabaien.com\/cookies\/","name":"Pol\u00edtica de cookies - Be\u00f1at Labaien","isPartOf":{"@id":"https:\/\/benatlabaien.com\/#website"},"datePublished":"2024-12-12T22:08:53+00:00","dateModified":"2025-01-29T21:41:07+00:00","description":"Consulta la Pol\u00edtica de Cookies y descubre c\u00f3mo usamos las cookies en la web de Be\u00f1at Labaien, para qu\u00e9 sirven y c\u00f3mo puedes gestionarlas.","breadcrumb":{"@id":"https:\/\/benatlabaien.com\/cookies\/#breadcrumb"},"inLanguage":"ja","potentialAction":[{"@type":"ReadAction","target":["https:\/\/benatlabaien.com\/cookies\/"]}]},{"@type":"BreadcrumbList","@id":"https:\/\/benatlabaien.com\/cookies\/#breadcrumb","itemListElement":[{"@type":"ListItem","position":1,"name":"Portada","item":"https:\/\/benatlabaien.com\/"},{"@type":"ListItem","position":2,"name":"Pol\u00edtica de cookies"}]},{"@type":"WebSite","@id":"https:\/\/benatlabaien.com\/#website","url":"https:\/\/benatlabaien.com\/","name":"\u30d9\u30cb\u30e3\u30fc\u30c8\u3000\u30e9\u30d0\u30a4\u30f3","description":"Entrenador de F\u00fatbol - Be\u00f1at Labaien","publisher":{"@id":"https:\/\/benatlabaien.com\/#\/schema\/person\/aadd9617a10f4a3819c91aa83f5bf953"},"alternateName":"Be\u00f1at Labaien - Entrenador de F\u00fatbol","potentialAction":[{"@type":"SearchAction","target":{"@type":"EntryPoint","urlTemplate":"https:\/\/benatlabaien.com\/?s={search_term_string}"},"query-input":{"@type":"PropertyValueSpecification","valueRequired":true,"valueName":"search_term_string"}}],"inLanguage":"ja"},{"@type":["Person","Organization"],"@id":"https:\/\/benatlabaien.com\/#\/schema\/person\/aadd9617a10f4a3819c91aa83f5bf953","name":"\u30d9\u30cb\u30e3\u30fc\u30c8\u3000\u30e9\u30d0\u30a4\u30f3","image":{"@type":"ImageObject","inLanguage":"ja","@id":"https:\/\/benatlabaien.com\/wp-content\/uploads\/2025\/01\/Logo-Benat-color.webp","url":"https:\/\/benatlabaien.com\/wp-content\/uploads\/2025\/01\/Logo-Benat-color.webp","contentUrl":"https:\/\/benatlabaien.com\/wp-content\/uploads\/2025\/01\/Logo-Benat-color.webp","width":1069,"height":1000,"caption":"Be\u00f1at Labaien"},"logo":{"@id":"https:\/\/benatlabaien.com\/wp-content\/uploads\/2025\/01\/Logo-Benat-color.webp"}}]}},"_links":{"self":[{"href":"https:\/\/benatlabaien.com\/ja\/wp-json\/wp\/v2\/pages\/303","targetHints":{"allow":["GET"]}}],"collection":[{"href":"https:\/\/benatlabaien.com\/ja\/wp-json\/wp\/v2\/pages"}],"about":[{"href":"https:\/\/benatlabaien.com\/ja\/wp-json\/wp\/v2\/types\/page"}],"author":[{"embeddable":true,"href":"https:\/\/benatlabaien.com\/ja\/wp-json\/wp\/v2\/users\/3"}],"replies":[{"embeddable":true,"href":"https:\/\/benatlabaien.com\/ja\/wp-json\/wp\/v2\/comments?post=303"}],"version-history":[{"count":0,"href":"https:\/\/benatlabaien.com\/ja\/wp-json\/wp\/v2\/pages\/303\/revisions"}],"wp:attachment":[{"href":"https:\/\/benatlabaien.com\/ja\/wp-json\/wp\/v2\/media?parent=303"}],"curies":[{"name":"wp","href":"https:\/\/api.w.org\/{rel}","templated":true}]}}