{"id":303,"date":"2024-12-12T22:08:53","date_gmt":"2024-12-12T22:08:53","guid":{"rendered":"https:\/\/benatlabaien.com\/?page_id=303"},"modified":"2025-01-29T21:41:07","modified_gmt":"2025-01-29T21:41:07","slug":"cookies","status":"publish","type":"page","link":"https:\/\/benatlabaien.com\/en\/cookies\/","title":{"rendered":"Cookie Policy"},"content":{"rendered":"<h2 class=\"wp-block-heading\">Cookie policy<\/h2>\n\n\n\n<p>On this website we use cookies from third-party and own to ensure that you have a better navigation experience, you are able to share content on social networks, and so that we may obtain user statistics.<br><br>You can prevent the download of cookies through the settings in your browser, and preventing the cookies being stored on your device.<br><br>As the owner of this website, we tell you that we do not use any personal information from cookies, as we only general statistics of visits that do not pose any personal information.<br><br>It is very important that you read this cookie policy and understand that, if you go on surfing, we will consider that you accept its use.<br><br>According to the terms included in article 22.2 of Law 34\/2002 on Services of the Information Society and Electronic Commerce, if you continue navigating, you will be providing your consent to the use of the aforementioned mechanisms.<\/p>\n\n\n\n<h3 class=\"wp-block-heading\">Responsible Entity<\/h3>\n\n\n\n<p>The entity responsible for the collection, processing and use of your personal data, in the sense established by the Law on Protection of Personal Data is the page Be\u00f1at Labaien, property Be\u00f1at Labaien \u2013 Al-Wakrah Sport Club.<\/p>\n\n\n\n<h3 class=\"wp-block-heading\">What are cookies?<\/h3>\n\n\n\n<p>Cookies are a set of data that a server placed in the user&#039;s browser to collect information standard Internet log information and visitor behavior in a web site. That is to say, they are small text files that are stored on the hard disk of the computer and they serve to identify the user when you connect again to the website. Your goal is to record the user&#039;s visit and to save some information. Its use is common and frequent in the web because it allows the pages to function more efficiently and achieve greater customization and analysis on the behavior of the user.<\/p>\n\n\n\n<h3 class=\"wp-block-heading\">What types of cookies are there?<\/h3>\n\n\n\n<p>Cookies used on our website are session and third-party, and allow us to store and access information related to the language, the type of browser used, and other general characteristics predefined by the user, as well as, to track and analyze the activity carried out, in order to introduce improvements and provide our services in a more efficient and personalized.<\/p>\n\n\n\n<p>Cookies, depending on their permanence, can be divided into session cookies or permanent. They expire when the user closes the browser. Which expire depending on when you meet the objective for which they serve (for example, so that the user remains identified in the services of Be\u00f1at Labaien) or when you manually remove them.<\/p>\n\n\n\n<div class= \"cky-audit-table-element\"><\/div>\n\n\n\n<h3 class=\"wp-block-heading\">How can I disable cookies in my browser?<\/h3>\n\n\n\n<p>You can configure different browsers to notify the user of the reception of cookies and, if desired, prevent their installation on the computer. Also, the user can review in your browser what cookies are installed, and what is the term of expiration of the same, and can eliminate them.<\/p>\n\n\n\n<p>For further information consult the instructions and manuals of your browser:<\/p>\n\n\n\n<p>For more information on the management of cookies in Google Chrome:&nbsp;<a href=\"https:\/\/support.google.com\/chrome\/answer\/95647?hl=es\">https:\/\/support.google.com\/chrome\/answer\/95647?hl=es<\/a><\/p>\n\n\n\n<p>For more information about managing cookies in Internet Explorer:&nbsp;<a href=\"http:\/\/windows.microsoft.com\/es-es\/windows-vista\/cookies-frequently-asked-question\"><\/a><a href=\"http:\/\/windows.microsoft.com\/es-es\/windows-vista\/cookies-frequently-asked-questions\">http:\/\/windows.microsoft.com\/es-es\/windows-vista\/cookies-frequently-asked-questions<\/a><\/p>\n\n\n\n<p><a href=\"http:\/\/windows.microsoft.com\/es-es\/windows-vista\/cookies-frequently-asked-question\"><\/a>For more information on the management of cookies in Mozilla Firefox:&nbsp;<a href=\"http:\/\/support.mozilla.org\/es\/kb\/habilitar-y-deshabilitar-cookies-que-los-sitios-we%20\">http:\/\/support.mozilla.org\/es\/kb\/habilitar-y-deshabilitar-cookies-que-los-sitios-we<\/a><\/p>\n\n\n\n<p>For more information about managing cookies in Safari:&nbsp;<a href=\"http:\/\/www.apple.com\/es\/privacy\/use-of-cookies\/%20\">http:\/\/www.apple.com\/es\/privacy\/use-of-cookies\/<\/a><\/p>\n\n\n\n<p>For more information about managing cookies in Opera:&nbsp;<a href=\"http:\/\/help.opera.com\/Windows\/11.50\/es-ES\/cookies.html\">http:\/\/help.opera.com\/Windows\/11.50\/es-ES\/cookies.html<\/a><\/p>\n\n\n\n<p>If you want to stop to be tracked by Google Analytics visit:&nbsp;<a href=\"https:\/\/tools.google.com\/dlpage\/gaoptout\">http:\/\/tools.google.com\/dlpage\/gaoptout<\/a><\/p>\n\n\n\n<h3 class=\"wp-block-heading\">To find out more about cookies<\/h3>\n\n\n\n<p>You can get more information about online advertising based on your behavior and online privacy at the following link:&nbsp;<a href=\"http:\/\/www.youronlinechoices.com\/es\/\">http:\/\/www.youronlinechoices.com\/es\/<\/a><\/p>\n\n\n\n<p>Data protection of Google Analytics:&nbsp;<a href=\"https:\/\/www.google.com\/analytics\/learn\/privacy.html\">http:\/\/www.google.com\/analytics\/learn\/privacy.html<\/a><\/p>\n\n\n\n<p>How to use Google Analytics cookies:&nbsp;<a href=\"https:\/\/developers.google.com\/analytics\/devguides\/collection\/analyticsjs\/cookie-usage?hl=es#analyticsjs\">https:\/\/developers.google.com\/analytics\/devguides\/collection\/analyticsjs\/cookie-usage?hl=es#analyticsjs<\/a><\/p>\n\n\n\n<h3 class=\"wp-block-heading\">Updates and changes of the privacy policy\/cookies<\/h3>\n\n\n\n<p>The websites of Be\u00f1at Labaien may modify this Cookies Policy according to legislative requirements, regulations, or with the purpose of adapting said policy to the instructions issued by the Spanish Agency for Data Protection, therefore users are advised to visit it periodically.<\/p>\n\n\n\n<p>When significant changes occur in this Cookies Policy, these will be communicated to users either through the web or through email to registered users.<\/p>","protected":false},"excerpt":{"rendered":"<p>Pol\u00edtica de Cookies En esta web se utilizan cookies de terceros y propias para conseguir que tengas una mejor experiencia de navegaci\u00f3n, puedas compartir contenido en redes sociales y para que podamos obtener estad\u00edsticas de los usuarios. Puedes evitar la descarga de cookies a trav\u00e9s de la configuraci\u00f3n de tu navegador, evitando que las cookies [&hellip;]<\/p>\n","protected":false},"author":3,"featured_media":0,"parent":0,"menu_order":0,"comment_status":"closed","ping_status":"closed","template":"","meta":{"footnotes":""},"class_list":["post-303","page","type-page","status-publish","hentry","entry"],"yoast_head":"<!-- This site is optimized with the Yoast SEO plugin v27.2 - https:\/\/yoast.com\/product\/yoast-seo-wordpress\/ -->\n<title>Pol\u00edtica de cookies - Be\u00f1at Labaien<\/title>\n<meta name=\"description\" content=\"Consulta la Pol\u00edtica de Cookies y descubre c\u00f3mo usamos las cookies en la web de Be\u00f1at Labaien, para qu\u00e9 sirven y c\u00f3mo puedes gestionarlas.\" \/>\n<meta name=\"robots\" content=\"index, follow, max-snippet:-1, max-image-preview:large, max-video-preview:-1\" \/>\n<link rel=\"canonical\" href=\"https:\/\/benatlabaien.com\/en\/cookies\/\" \/>\n<meta property=\"og:locale\" content=\"en_GB\" \/>\n<meta property=\"og:type\" content=\"article\" \/>\n<meta property=\"og:title\" content=\"Pol\u00edtica de cookies - Be\u00f1at Labaien\" \/>\n<meta property=\"og:description\" content=\"Consulta la Pol\u00edtica de Cookies y descubre c\u00f3mo usamos las cookies en la web de Be\u00f1at Labaien, para qu\u00e9 sirven y c\u00f3mo puedes gestionarlas.\" \/>\n<meta property=\"og:url\" content=\"https:\/\/benatlabaien.com\/en\/cookies\/\" \/>\n<meta property=\"og:site_name\" content=\"Be\u00f1at Labaien\" \/>\n<meta property=\"article:modified_time\" content=\"2025-01-29T21:41:07+00:00\" \/>\n<meta property=\"og:image\" content=\"https:\/\/benatlabaien.com\/wp-content\/uploads\/2025\/01\/Imagen-1-Benat-Hero.webp\" \/>\n\t<meta property=\"og:image:width\" content=\"1587\" \/>\n\t<meta property=\"og:image:height\" content=\"918\" \/>\n\t<meta property=\"og:image:type\" content=\"image\/webp\" \/>\n<meta name=\"twitter:card\" content=\"summary_large_image\" \/>\n<meta name=\"twitter:label1\" content=\"Estimated reading time\" \/>\n\t<meta name=\"twitter:data1\" content=\"4 minutes\" \/>\n<script type=\"application\/ld+json\" class=\"yoast-schema-graph\">{\"@context\":\"https:\/\/schema.org\",\"@graph\":[{\"@type\":\"WebPage\",\"@id\":\"https:\/\/benatlabaien.com\/cookies\/\",\"url\":\"https:\/\/benatlabaien.com\/cookies\/\",\"name\":\"Pol\u00edtica de cookies - Be\u00f1at Labaien\",\"isPartOf\":{\"@id\":\"https:\/\/benatlabaien.com\/#website\"},\"datePublished\":\"2024-12-12T22:08:53+00:00\",\"dateModified\":\"2025-01-29T21:41:07+00:00\",\"description\":\"Consulta la Pol\u00edtica de Cookies y descubre c\u00f3mo usamos las cookies en la web de Be\u00f1at Labaien, para qu\u00e9 sirven y c\u00f3mo puedes gestionarlas.\",\"breadcrumb\":{\"@id\":\"https:\/\/benatlabaien.com\/cookies\/#breadcrumb\"},\"inLanguage\":\"en-GB\",\"potentialAction\":[{\"@type\":\"ReadAction\",\"target\":[\"https:\/\/benatlabaien.com\/cookies\/\"]}]},{\"@type\":\"BreadcrumbList\",\"@id\":\"https:\/\/benatlabaien.com\/cookies\/#breadcrumb\",\"itemListElement\":[{\"@type\":\"ListItem\",\"position\":1,\"name\":\"Portada\",\"item\":\"https:\/\/benatlabaien.com\/\"},{\"@type\":\"ListItem\",\"position\":2,\"name\":\"Pol\u00edtica de cookies\"}]},{\"@type\":\"WebSite\",\"@id\":\"https:\/\/benatlabaien.com\/#website\",\"url\":\"https:\/\/benatlabaien.com\/\",\"name\":\"Be\u00f1at Labaien\",\"description\":\"Entrenador de F\u00fatbol - Be\u00f1at Labaien\",\"publisher\":{\"@id\":\"https:\/\/benatlabaien.com\/#\/schema\/person\/aadd9617a10f4a3819c91aa83f5bf953\"},\"alternateName\":\"Be\u00f1at Labaien - Entrenador de F\u00fatbol\",\"potentialAction\":[{\"@type\":\"SearchAction\",\"target\":{\"@type\":\"EntryPoint\",\"urlTemplate\":\"https:\/\/benatlabaien.com\/?s={search_term_string}\"},\"query-input\":{\"@type\":\"PropertyValueSpecification\",\"valueRequired\":true,\"valueName\":\"search_term_string\"}}],\"inLanguage\":\"en-GB\"},{\"@type\":[\"Person\",\"Organization\"],\"@id\":\"https:\/\/benatlabaien.com\/#\/schema\/person\/aadd9617a10f4a3819c91aa83f5bf953\",\"name\":\"Be\u00f1at Labaien\",\"image\":{\"@type\":\"ImageObject\",\"inLanguage\":\"en-GB\",\"@id\":\"https:\/\/benatlabaien.com\/wp-content\/uploads\/2025\/01\/Logo-Benat-color.webp\",\"url\":\"https:\/\/benatlabaien.com\/wp-content\/uploads\/2025\/01\/Logo-Benat-color.webp\",\"contentUrl\":\"https:\/\/benatlabaien.com\/wp-content\/uploads\/2025\/01\/Logo-Benat-color.webp\",\"width\":1069,\"height\":1000,\"caption\":\"Be\u00f1at Labaien\"},\"logo\":{\"@id\":\"https:\/\/benatlabaien.com\/wp-content\/uploads\/2025\/01\/Logo-Benat-color.webp\"}}]}<\/script>\n<!-- \/ Yoast SEO plugin. -->","yoast_head_json":{"title":"Pol\u00edtica de cookies - Be\u00f1at Labaien","description":"Consulta la Pol\u00edtica de Cookies y descubre c\u00f3mo usamos las cookies en la web de Be\u00f1at Labaien, para qu\u00e9 sirven y c\u00f3mo puedes gestionarlas.","robots":{"index":"index","follow":"follow","max-snippet":"max-snippet:-1","max-image-preview":"max-image-preview:large","max-video-preview":"max-video-preview:-1"},"canonical":"https:\/\/benatlabaien.com\/en\/cookies\/","og_locale":"en_GB","og_type":"article","og_title":"Pol\u00edtica de cookies - Be\u00f1at Labaien","og_description":"Consulta la Pol\u00edtica de Cookies y descubre c\u00f3mo usamos las cookies en la web de Be\u00f1at Labaien, para qu\u00e9 sirven y c\u00f3mo puedes gestionarlas.","og_url":"https:\/\/benatlabaien.com\/en\/cookies\/","og_site_name":"Be\u00f1at Labaien","article_modified_time":"2025-01-29T21:41:07+00:00","og_image":[{"width":1587,"height":918,"url":"https:\/\/benatlabaien.com\/wp-content\/uploads\/2025\/01\/Imagen-1-Benat-Hero.webp","type":"image\/webp"}],"twitter_card":"summary_large_image","twitter_misc":{"Estimated reading time":"4 minutes"},"schema":{"@context":"https:\/\/schema.org","@graph":[{"@type":"WebPage","@id":"https:\/\/benatlabaien.com\/cookies\/","url":"https:\/\/benatlabaien.com\/cookies\/","name":"Pol\u00edtica de cookies - Be\u00f1at Labaien","isPartOf":{"@id":"https:\/\/benatlabaien.com\/#website"},"datePublished":"2024-12-12T22:08:53+00:00","dateModified":"2025-01-29T21:41:07+00:00","description":"Consulta la Pol\u00edtica de Cookies y descubre c\u00f3mo usamos las cookies en la web de Be\u00f1at Labaien, para qu\u00e9 sirven y c\u00f3mo puedes gestionarlas.","breadcrumb":{"@id":"https:\/\/benatlabaien.com\/cookies\/#breadcrumb"},"inLanguage":"en-GB","potentialAction":[{"@type":"ReadAction","target":["https:\/\/benatlabaien.com\/cookies\/"]}]},{"@type":"BreadcrumbList","@id":"https:\/\/benatlabaien.com\/cookies\/#breadcrumb","itemListElement":[{"@type":"ListItem","position":1,"name":"Portada","item":"https:\/\/benatlabaien.com\/"},{"@type":"ListItem","position":2,"name":"Pol\u00edtica de cookies"}]},{"@type":"WebSite","@id":"https:\/\/benatlabaien.com\/#website","url":"https:\/\/benatlabaien.com\/","name":"Be\u00f1at Labaien","description":"Entrenador de F\u00fatbol - Be\u00f1at Labaien","publisher":{"@id":"https:\/\/benatlabaien.com\/#\/schema\/person\/aadd9617a10f4a3819c91aa83f5bf953"},"alternateName":"Be\u00f1at Labaien - Entrenador de F\u00fatbol","potentialAction":[{"@type":"SearchAction","target":{"@type":"EntryPoint","urlTemplate":"https:\/\/benatlabaien.com\/?s={search_term_string}"},"query-input":{"@type":"PropertyValueSpecification","valueRequired":true,"valueName":"search_term_string"}}],"inLanguage":"en-GB"},{"@type":["Person","Organization"],"@id":"https:\/\/benatlabaien.com\/#\/schema\/person\/aadd9617a10f4a3819c91aa83f5bf953","name":"Be\u00f1at Labaien","image":{"@type":"ImageObject","inLanguage":"en-GB","@id":"https:\/\/benatlabaien.com\/wp-content\/uploads\/2025\/01\/Logo-Benat-color.webp","url":"https:\/\/benatlabaien.com\/wp-content\/uploads\/2025\/01\/Logo-Benat-color.webp","contentUrl":"https:\/\/benatlabaien.com\/wp-content\/uploads\/2025\/01\/Logo-Benat-color.webp","width":1069,"height":1000,"caption":"Be\u00f1at Labaien"},"logo":{"@id":"https:\/\/benatlabaien.com\/wp-content\/uploads\/2025\/01\/Logo-Benat-color.webp"}}]}},"_links":{"self":[{"href":"https:\/\/benatlabaien.com\/en\/wp-json\/wp\/v2\/pages\/303","targetHints":{"allow":["GET"]}}],"collection":[{"href":"https:\/\/benatlabaien.com\/en\/wp-json\/wp\/v2\/pages"}],"about":[{"href":"https:\/\/benatlabaien.com\/en\/wp-json\/wp\/v2\/types\/page"}],"author":[{"embeddable":true,"href":"https:\/\/benatlabaien.com\/en\/wp-json\/wp\/v2\/users\/3"}],"replies":[{"embeddable":true,"href":"https:\/\/benatlabaien.com\/en\/wp-json\/wp\/v2\/comments?post=303"}],"version-history":[{"count":0,"href":"https:\/\/benatlabaien.com\/en\/wp-json\/wp\/v2\/pages\/303\/revisions"}],"wp:attachment":[{"href":"https:\/\/benatlabaien.com\/en\/wp-json\/wp\/v2\/media?parent=303"}],"curies":[{"name":"wp","href":"https:\/\/api.w.org\/{rel}","templated":true}]}}